{"id":5670,"date":"2015-07-30T20:32:23","date_gmt":"2015-07-30T23:32:23","guid":{"rendered":"http:\/\/themenectar.com\/demo\/salient-agency\/?page_id=5655"},"modified":"2020-04-01T10:41:42","modified_gmt":"2020-04-01T13:41:42","slug":"novedades","status":"publish","type":"page","link":"http:\/\/www.braunybraun.com\/es\/novedades\/","title":{"rendered":"Novedades"},"content":{"rendered":"\n\t\t<div id=\"core-features\"  data-midnight=\"light\" data-top-percent=\"6%\" data-bottom-percent=\"6%\"  data-bg-mobile-hidden=\"\" class=\"wpb_row vc_row-fluid vc_row top-level full-width-section standard_section   \"  style=\"padding-top: calc(100vw * 0.06); padding-bottom: calc(100vw * 0.06); \"><div class=\"row-bg-wrap\"><div class=\"inner-wrap\"><div class=\"row-bg  using-bg-color  \"  style=\"background-color: #434041; \"><\/div><\/div><div class=\"row-bg-overlay\" ><\/div><\/div><div class=\"nectar-shape-divider-wrap \" style=\" height:50px;\"  data-front=\"\" data-style=\"fan\" data-position=\"bottom\" ><svg class=\"nectar-shape-divider\" fill=\"#f5f5f5\" xmlns=\"http:\/\/www.w3.org\/2000\/svg\" viewBox=\"0 0 1003.92 91\" preserveAspectRatio=\"none\">  <polygon class=\"cls-1\" points=\"502.46 46.31 1 85.67 1 91.89 1002.91 91.89 1002.91 85.78 502.46 46.31\"\/><polygon class=\"cls-2\" points=\"502.46 45.8 1 0 1 91.38 1002.91 91.38 1002.91 0.1 502.46 45.8\"\/><rect class=\"cls-3\" y=\"45.81\" width=\"1003.92\" height=\"46.09\"\/>\n            <\/svg><\/div><div class=\"col span_12 light left\">\n\t<div  class=\"vc_col-sm-12 wpb_column column_container vc_column_container col centered-text no-extra-padding\"  data-t-w-inherits=\"default\" data-border-radius=\"none\" data-shadow=\"none\" data-border-animation=\"\" data-border-animation-delay=\"\" data-border-width=\"none\" data-border-style=\"solid\" data-border-color=\"\" data-bg-cover=\"\" data-padding-pos=\"all\" data-has-bg-color=\"false\" data-bg-color=\"\" data-bg-opacity=\"1\" data-hover-bg=\"\" data-hover-bg-opacity=\"1\" data-animation=\"\" data-delay=\"0\"><div class=\"column-bg-overlay\"><\/div>\n\t\t<div class=\"vc_column-inner\">\n\t\t\t<div class=\"wpb_wrapper\">\n\t\t\t\t\n    \t<div id=\"fws_69e11f5f71c6f\" data-midnight=\"\" data-column-margin=\"default\" data-bg-mobile-hidden=\"\" class=\"wpb_row vc_row-fluid vc_row standard_section    \"  style=\"padding-top: 0px; padding-bottom: 0px; \"><div class=\"row-bg-wrap\"> <div class=\"row-bg   \"  style=\"\"><\/div> <\/div><div class=\"col span_12  left\">\n\t<div  class=\"vc_col-sm-12 wpb_column column_container vc_column_container col has-animation no-extra-padding\"   data-t-w-inherits=\"default\" data-shadow=\"none\" data-border-radius=\"none\" data-border-animation=\"\" data-border-animation-delay=\"\" data-border-width=\"none\" data-border-style=\"solid\" data-border-color=\"\" data-bg-cover=\"\" data-padding-pos=\"all\" data-has-bg-color=\"false\" data-bg-color=\"\" data-bg-opacity=\"1\" data-hover-bg=\"\" data-hover-bg-opacity=\"1\" data-animation=\"fade-in\" data-delay=\"0\"><div class=\"column-bg-overlay\"><\/div>\n\t\t<div class=\"vc_column-inner\">\n\t\t<div class=\"wpb_wrapper\">\n\t\t\t<h2 style=\"color: #ffffff;text-align: center\" class=\"vc_custom_heading titulo-seccion wpb_animate_when_almost_visible wpb_fadeInDown fadeInDown\" >Novedades<\/h2><div class=\"divider-wrap\" data-alignment=\"default\"><div style=\"margin-top: 15px; width: 120px; height: 3px; margin-bottom: 15px;\" data-width=\"120\" data-animate=\"yes\" data-animation-delay=\"100\" data-color=\"default\" class=\"divider-small-border\"><\/div><\/div>\n\t\t<\/div> \n\t<\/div>\n\t<\/div> \n<\/div><\/div>\n\t\t\t<\/div> \n\t\t<\/div>\n\t<\/div> \n<\/div><\/div>\n\t\t<div id=\"fws_69e11f5f73e5e\"  data-midnight=\"dark\"  data-bg-mobile-hidden=\"\" class=\"wpb_row vc_row-fluid vc_row full-width-section standard_section   \"  style=\"padding-top: 60px; padding-bottom: 60px; \"><div class=\"row-bg-wrap\"><div class=\"inner-wrap\"><div class=\"row-bg  using-bg-color  \"  style=\"background-color: #cccccc; \"><\/div><\/div><div class=\"row-bg-overlay\" style=\"background-color:#ffffff;  opacity: 0.8; \"><\/div><\/div><div class=\"col span_12 dark left\">\n\t<div  class=\"vc_col-sm-12 recent-post-novedades wpb_column column_container vc_column_container col no-extra-padding\"  data-t-w-inherits=\"default\" data-border-radius=\"none\" data-shadow=\"none\" data-border-animation=\"\" data-border-animation-delay=\"\" data-border-width=\"none\" data-border-style=\"solid\" data-border-color=\"\" data-bg-cover=\"\" data-padding-pos=\"all\" data-has-bg-color=\"false\" data-bg-color=\"\" data-bg-opacity=\"1\" data-hover-bg=\"\" data-hover-bg-opacity=\"1\" data-animation=\"\" data-delay=\"0\"><div class=\"column-bg-overlay\"><\/div>\n\t\t<div class=\"vc_column-inner\">\n\t\t\t<div class=\"wpb_wrapper\">\n\t\t\t\t\t\t\t<div class=\"row blog-recent columns-3\" data-style=\"classic_enhanced_alt\" data-color-scheme=\"light\">\n\t\t\t\t\n\t\t\t\t\n\t\t\t\t<div class=\"col span_4 post-7125 post type-post status-publish format-image has-post-thumbnail category-sin-categoria post_format-post-format-image\" >\n\t\t\t\t\t\n\t\t\t\t\t\n\t\t\t\t\t\t\t<div class=\"inner-wrap post-7125 post type-post status-publish format-image has-post-thumbnail category-sin-categoria post_format-post-format-image\">\n\n\t\t\t\t\t\t\t<a href=\"http:\/\/www.braunybraun.com\/es\/web-renovada\/\" class=\"img-link\" ><span class=\"post-featured-img\"><img width=\"500\" height=\"1000\" src=\"http:\/\/www.braunybraun.com\/wp-content\/uploads\/2020\/01\/inicio-ult-500x1000.jpg\" class=\"attachment-tall size-tall wp-post-image\" alt=\"\" loading=\"lazy\" title=\"\" sizes=\"(min-width: 1300px) 33vw, (min-width: 1000px) 33vw, (min-width: 690px) 100vw, 100vw\" \/><\/span><\/a>\n\t\t\t\t\t\t\t<span class=\"meta-category\"><a class=\"sin-categoria\" href=\"http:\/\/www.braunybraun.com\/es\/category\/sin-categoria\/\">Sin categor\u00eda<\/a><\/span>\t\t\t\t\t\t\t\t\n\t\t\t\t\t\t\t<a class=\"entire-meta-link\"  href=\"http:\/\/www.braunybraun.com\/es\/web-renovada\/\"><\/a>\n\n\t\t\t\t\t\t\t<div class=\"article-content-wrap\">\n\t\t\t\t\t\t\t\t<div class=\"post-header\">\n\t\t\t\t\t\t\t\t\t<span class=\"meta\"> 27 marzo, 2020 <\/span> \n\t\t\t\t\t\t\t\t\t<h3 class=\"title\">Web Renovada<\/h3>\t\n\t\t\t\t\t\t\t\t<\/div><!--\/post-header-->\n\t\t\t\t\t\t\t\t<div class=\"excerpt\">\n\t\t\t\t\t\t\t\t\tBraun &amp; Braun comienza el 2020 renovado. Contamos con nuevas incorporaciones en el equipo, nuevas m\u00e1quinas ampliando nuestras fronteras y servicios, adem\u00e1s sumamos la renovaci\u00f3n de nuestra p\u00e1gina web. Esta&hellip;\t\t\t\t\t\t\t\t<\/div>\n\t\t\t\t\t\t\t<\/div>\n\t\t\t\t\t\t\t\n\t\t\t\t\t\t\t<div class=\"post-meta\">\n\t\t\t\t\t\t\t\t<span class=\"meta-author\"> <a href=\"http:\/\/www.braunybraun.com\/es\/author\/lucascazza\/\"> <i class=\"icon-default-style icon-salient-m-user\"><\/i> Lucas Scazzariello<\/a> <\/span> \n\t\t\t\t\t\t\t\t\n\t\t\t\t\t\t\t\t\t\t\t\t\t\t\t\t\n\t\t\t\t\t\t\t\t<div class=\"nectar-love-wrap\">\n\t\t\t\t\t\t\t\t\t<a href=\"#\" class=\"nectar-love\" id=\"nectar-love-7125\" title=\"Love this\"> <i class=\"icon-salient-heart-2\"><\/i><span class=\"nectar-love-count\">0<\/span><\/a>\t\t\t\t\t\t\t\t<\/div><!--\/nectar-love-wrap-->\t\n\t\t\t\t\t\t\t<\/div>\n\n\t\t\t\t\t\t<\/div>\n\n\t\t\t\t\t\t\t\t\t\t\t\n\t\t\t\t<\/div><!--\/col-->\n\t\t\t\t\n\t\t\t\t\n\t\t\t\t<div class=\"col span_4 post-7142 post type-post status-publish format-image has-post-thumbnail category-sin-categoria post_format-post-format-image\" >\n\t\t\t\t\t\n\t\t\t\t\t\n\t\t\t\t\t\t\t<div class=\"inner-wrap post-7142 post type-post status-publish format-image has-post-thumbnail category-sin-categoria post_format-post-format-image\">\n\n\t\t\t\t\t\t\t<a href=\"http:\/\/www.braunybraun.com\/es\/7142-2\/\" class=\"img-link\" ><span class=\"post-featured-img\"><img width=\"321\" height=\"307\" src=\"http:\/\/www.braunybraun.com\/wp-content\/uploads\/2020\/03\/iso.jpg\" class=\"attachment-tall size-tall wp-post-image\" alt=\"\" loading=\"lazy\" title=\"\" sizes=\"(min-width: 1300px) 33vw, (min-width: 1000px) 33vw, (min-width: 690px) 100vw, 100vw\" srcset=\"http:\/\/www.braunybraun.com\/wp-content\/uploads\/2020\/03\/iso.jpg 321w, http:\/\/www.braunybraun.com\/wp-content\/uploads\/2020\/03\/iso-300x287.jpg 300w\" \/><\/span><\/a>\n\t\t\t\t\t\t\t<span class=\"meta-category\"><a class=\"sin-categoria\" href=\"http:\/\/www.braunybraun.com\/es\/category\/sin-categoria\/\">Sin categor\u00eda<\/a><\/span>\t\t\t\t\t\t\t\t\n\t\t\t\t\t\t\t<a class=\"entire-meta-link\"  href=\"http:\/\/www.braunybraun.com\/es\/7142-2\/\"><\/a>\n\n\t\t\t\t\t\t\t<div class=\"article-content-wrap\">\n\t\t\t\t\t\t\t\t<div class=\"post-header\">\n\t\t\t\t\t\t\t\t\t<span class=\"meta\"> 27 marzo, 2020 <\/span> \n\t\t\t\t\t\t\t\t\t<h3 class=\"title\">Norma ISO<\/h3>\t\n\t\t\t\t\t\t\t\t<\/div><!--\/post-header-->\n\t\t\t\t\t\t\t\t<div class=\"excerpt\">\n\t\t\t\t\t\t\t\t\tByBraun SRL es una empresa comprometida con sus clientes es por ello hemos adoptado y desarrollado un Sistema de Gesti\u00f3n e Calidad (SGC) bajo Norma ISO 9001-2015 siendo una decisi\u00f3n&hellip;\t\t\t\t\t\t\t\t<\/div>\n\t\t\t\t\t\t\t<\/div>\n\t\t\t\t\t\t\t\n\t\t\t\t\t\t\t<div class=\"post-meta\">\n\t\t\t\t\t\t\t\t<span class=\"meta-author\"> <a href=\"http:\/\/www.braunybraun.com\/es\/author\/lucascazza\/\"> <i class=\"icon-default-style icon-salient-m-user\"><\/i> Lucas Scazzariello<\/a> <\/span> \n\t\t\t\t\t\t\t\t\n\t\t\t\t\t\t\t\t\t\t\t\t\t\t\t\t\n\t\t\t\t\t\t\t\t<div class=\"nectar-love-wrap\">\n\t\t\t\t\t\t\t\t\t<a href=\"#\" class=\"nectar-love\" id=\"nectar-love-7142\" title=\"Love this\"> <i class=\"icon-salient-heart-2\"><\/i><span class=\"nectar-love-count\">0<\/span><\/a>\t\t\t\t\t\t\t\t<\/div><!--\/nectar-love-wrap-->\t\n\t\t\t\t\t\t\t<\/div>\n\n\t\t\t\t\t\t<\/div>\n\n\t\t\t\t\t\t\t\t\t\t\t\n\t\t\t\t<\/div><!--\/col-->\n\t\t\t\t\n\t\t\t\t\n\t\t\t\t<div class=\"col span_4 post-7136 post type-post status-publish format-image has-post-thumbnail category-sin-categoria post_format-post-format-image\" >\n\t\t\t\t\t\n\t\t\t\t\t\n\t\t\t\t\t\t\t<div class=\"inner-wrap post-7136 post type-post status-publish format-image has-post-thumbnail category-sin-categoria post_format-post-format-image\">\n\n\t\t\t\t\t\t\t<a href=\"http:\/\/www.braunybraun.com\/es\/7136-2\/\" class=\"img-link\" ><span class=\"post-featured-img\"><img width=\"500\" height=\"1000\" src=\"http:\/\/www.braunybraun.com\/wp-content\/uploads\/2020\/03\/20191108_100518-500x1000.jpg\" class=\"attachment-tall size-tall wp-post-image\" alt=\"\" loading=\"lazy\" title=\"\" sizes=\"(min-width: 1300px) 33vw, (min-width: 1000px) 33vw, (min-width: 690px) 100vw, 100vw\" \/><\/span><\/a>\n\t\t\t\t\t\t\t<span class=\"meta-category\"><a class=\"sin-categoria\" href=\"http:\/\/www.braunybraun.com\/es\/category\/sin-categoria\/\">Sin categor\u00eda<\/a><\/span>\t\t\t\t\t\t\t\t\n\t\t\t\t\t\t\t<a class=\"entire-meta-link\"  href=\"http:\/\/www.braunybraun.com\/es\/7136-2\/\"><\/a>\n\n\t\t\t\t\t\t\t<div class=\"article-content-wrap\">\n\t\t\t\t\t\t\t\t<div class=\"post-header\">\n\t\t\t\t\t\t\t\t\t<span class=\"meta\"> 27 marzo, 2020 <\/span> \n\t\t\t\t\t\t\t\t\t<h3 class=\"title\">Plotter de impresi\u00f3n<\/h3>\t\n\t\t\t\t\t\t\t\t<\/div><!--\/post-header-->\n\t\t\t\t\t\t\t\t<div class=\"excerpt\">\n\t\t\t\t\t\t\t\t\tBraun&amp;Braun incorpor\u00f3 un nuevo Plotter de Impresi\u00f3n de \u00faltima generaci\u00f3n. La nueva impresora marca Ricoh forma parte del equipo desde fines del 2019, cuenta con tintas\u00a0l\u00e1tex y una alta calidad&hellip;\t\t\t\t\t\t\t\t<\/div>\n\t\t\t\t\t\t\t<\/div>\n\t\t\t\t\t\t\t\n\t\t\t\t\t\t\t<div class=\"post-meta\">\n\t\t\t\t\t\t\t\t<span class=\"meta-author\"> <a href=\"http:\/\/www.braunybraun.com\/es\/author\/lucascazza\/\"> <i class=\"icon-default-style icon-salient-m-user\"><\/i> Lucas Scazzariello<\/a> <\/span> \n\t\t\t\t\t\t\t\t\n\t\t\t\t\t\t\t\t\t\t\t\t\t\t\t\t\n\t\t\t\t\t\t\t\t<div class=\"nectar-love-wrap\">\n\t\t\t\t\t\t\t\t\t<a href=\"#\" class=\"nectar-love\" id=\"nectar-love-7136\" title=\"Love this\"> <i class=\"icon-salient-heart-2\"><\/i><span class=\"nectar-love-count\">0<\/span><\/a>\t\t\t\t\t\t\t\t<\/div><!--\/nectar-love-wrap-->\t\n\t\t\t\t\t\t\t<\/div>\n\n\t\t\t\t\t\t<\/div>\n\n\t\t\t\t\t\t\t\t\t\t\t\n\t\t\t\t<\/div><!--\/col-->\n\t\t\t\t\n\t\t\t\t\t\t\n\t\t\t<\/div><!--\/blog-recent-->\n\t\t\n\t\t\n\t\t\t<\/div> \n\t\t<\/div>\n\t<\/div> \n<\/div><\/div>\n\t\t<div id=\"fws_69e11f5f7cf82\"  data-midnight=\"dark\"  data-bg-mobile-hidden=\"\" class=\"wpb_row vc_row-fluid vc_row full-width-section standard_section   \"  style=\"padding-top: 60px; padding-bottom: 60px; \"><div class=\"row-bg-wrap\"><div class=\"inner-wrap\"><div class=\"row-bg    \"  style=\"\"><\/div><\/div><div class=\"row-bg-overlay\" ><\/div><\/div><div class=\"col span_12 dark left\">\n\t<div  class=\"vc_col-sm-12 wpb_column column_container vc_column_container col no-extra-padding\"  data-t-w-inherits=\"default\" data-border-radius=\"none\" data-shadow=\"none\" data-border-animation=\"\" data-border-animation-delay=\"\" data-border-width=\"none\" data-border-style=\"solid\" data-border-color=\"\" data-bg-cover=\"\" data-padding-pos=\"all\" data-has-bg-color=\"false\" data-bg-color=\"\" data-bg-opacity=\"1\" data-hover-bg=\"\" data-hover-bg-opacity=\"1\" data-animation=\"\" data-delay=\"0\"><div class=\"column-bg-overlay\"><\/div>\n\t\t<div class=\"vc_column-inner\">\n\t\t\t<div class=\"wpb_wrapper\">\n\t\t\t\t\n    \t<div id=\"fws_69e11f5f7d9ed\" data-midnight=\"\" data-column-margin=\"default\" data-bg-mobile-hidden=\"\" class=\"wpb_row vc_row-fluid vc_row standard_section    \"  style=\"padding-top: 10px; padding-bottom: 10px; \"><div class=\"row-bg-wrap\"> <div class=\"row-bg   \"  style=\"\"><\/div> <\/div><div class=\"col span_12  left\">\n\t<div  class=\"vc_col-sm-12 wpb_column column_container vc_column_container col centered-text no-extra-padding\"   data-t-w-inherits=\"default\" data-shadow=\"none\" data-border-radius=\"none\" data-border-animation=\"\" data-border-animation-delay=\"\" data-border-width=\"none\" data-border-style=\"solid\" data-border-color=\"\" data-bg-cover=\"\" data-padding-pos=\"all\" data-has-bg-color=\"false\" data-bg-color=\"\" data-bg-opacity=\"1\" data-hover-bg=\"\" data-hover-bg-opacity=\"1\" data-animation=\"\" data-delay=\"0\"><div class=\"column-bg-overlay\"><\/div>\n\t\t<div class=\"vc_column-inner\">\n\t\t<div class=\"wpb_wrapper\">\n\t\t\t\n\t<div class=\"wpb_text_column wpb_content_element  vc_custom_1578580501022\" style=\" max-width: 500px; display: inline-block;\">\n\t\t<div class=\"wpb_wrapper\">\n\t\t\t<h3>Nuestros escritos recientes<\/h3>\n\n\t\t<\/div>\n\t<\/div>\n<div class=\"divider-wrap\" data-alignment=\"default\"><div style=\"margin-top: 10px; width: 120px; height: 3px; margin-bottom: 10px;\" data-width=\"120\" data-animate=\"yes\" data-animation-delay=\"100\" data-color=\"accent-color\" class=\"divider-small-border\"><\/div><\/div>\n\t\t<\/div> \n\t<\/div>\n\t<\/div> \n<\/div><\/div>\t\n\t<div class=\"row\">\n\t\n\t <div class=\"post-area col  span_12 col_last masonry auto_meta_overlaid_spaced  \" data-ams=\"16px\"> <div class=\"posts-container\" data-load-animation=\"none\">\t\t\t\t\n\t\t\t\t\n<article id=\"post-7142\" class=\"regular masonry-blog-item post-7142 post type-post status-publish format-image has-post-thumbnail category-sin-categoria post_format-post-format-image\">\n\n\t<div class=\"inner-wrap animated\">\n\n\t\t<div class=\"post-content\">\n\t\t\t\n\t\t\t\t\t\t\t\n\t\t\t\t\t\t\t\t\n\t\t\t\t\t\t\t\t\n\t\t\t\t\t\t\n\t\t\t\n\n\t\t\t\n\t\t\t\t<div class=\"content-inner\">\n\t\t\t\t\t\n\t\t\t\t\t<a href=\"http:\/\/www.braunybraun.com\/es\/7142-2\/\"><\/a><span class=\"post-featured-img\" style=\"background-image: url(http:\/\/www.braunybraun.com\/wp-content\/uploads\/2020\/03\/iso.jpg);\"><\/span>\t\t\t\t\t\n\t\t\t\t\t\t\t\t\t\t\t\n\t\t\t\t\t\t\n\t\t\t\t\t\t\t\n\t\t\t\t\t\t\n\t\t\t\t\t\t<div class=\"article-content-wrap\">\n\t\t\t\t\t\t\t\n\t\t\t\t\t\t\t<span class=\"meta-category\"><a class=\"sin-categoria\" href=\"http:\/\/www.braunybraun.com\/es\/category\/sin-categoria\/\">Sin categor\u00eda<\/a><\/span>\t\t\t\t\t\t\t\t\t\t\t\n\t\t\t\t\t\t\t<div class=\"post-header\">\n\t\t\t\t\t\t\t\t\t\n\t\t\t\t\t\t\t\t<h3 class=\"title\">\n\t\t\t\t\t\t\t\t\t \n\t\t\t\t\t\t\t\t\t\t<a href=\"http:\/\/www.braunybraun.com\/es\/7142-2\/\">\t\t\t\t\t\t\t\t\t\t\tNorma ISO\t\t\t\t\t\t\t\t\t\t <\/a> \n\t\t\t\t\t\t\t\t\t\t\t\t\t\t\t\t\t<\/h3>\n\n\t\t\t\t\t\t\t\t \n\t\t\t\t\t\t\t\t\t<span class=\"meta-author\"><span>By<\/span> <a href=\"http:\/\/www.braunybraun.com\/es\/author\/lucascazza\/\" title=\"Entradas de Lucas Scazzariello\" rel=\"author\">Lucas Scazzariello<\/a><\/span> <span class=\"meta-category\">| <a href=\"http:\/\/www.braunybraun.com\/es\/category\/sin-categoria\/\">Sin categor\u00eda<\/a><\/span> \n\t\t\t\t\t\t\t\t\n\t\t\t\t\t\t\t\t\t\n\t\t\t\t\t\t\t\t\t\t\t\t\t\t\t<\/div><!--\/post-header-->\n\t\t\t\t\t\t\t\t\t\t\t\t\t\n\t\t\t\t\t\t<\/div><!--article-content-wrap-->\n\n\t\t\t\t\t\t\t\t\t\t\n\t\t\t\t   \n\t\t\t\t\t\t\t\t\t\t\n\t\t\t\t\t\t\t\t\t\t\t\n\t\t\t\t<\/div><!--\/content-inner-->\n\n\t\t\t\t\t\t\n\t\t<\/div><!--\/post-content-->\n\n\t<\/div><!--\/inner-wrap-->\n\t\t\n<\/article><!--\/article-->\n\t\t\t\t\t\t\t\n\t\t\t\t\n<article id=\"post-7140\" class=\"regular masonry-blog-item post-7140 post type-post status-publish format-image has-post-thumbnail category-sin-categoria post_format-post-format-image\">\n\n\t<div class=\"inner-wrap animated\">\n\n\t\t<div class=\"post-content\">\n\t\t\t\n\t\t\t\t\t\t\t\n\t\t\t\t\t\t\t\t\n\t\t\t\t\t\t\t\t\n\t\t\t\t\t\t\n\t\t\t\n\n\t\t\t\n\t\t\t\t<div class=\"content-inner\">\n\t\t\t\t\t\n\t\t\t\t\t<a href=\"http:\/\/www.braunybraun.com\/es\/7140-2\/\"><\/a><span class=\"post-featured-img\" style=\"background-image: url(http:\/\/www.braunybraun.com\/wp-content\/uploads\/2020\/03\/IMG_7302-800x800.jpg);\"><\/span>\t\t\t\t\t\n\t\t\t\t\t\t\t\t\t\t\t\n\t\t\t\t\t\t\n\t\t\t\t\t\t\t\n\t\t\t\t\t\t\n\t\t\t\t\t\t<div class=\"article-content-wrap\">\n\t\t\t\t\t\t\t\n\t\t\t\t\t\t\t<span class=\"meta-category\"><a class=\"sin-categoria\" href=\"http:\/\/www.braunybraun.com\/es\/category\/sin-categoria\/\">Sin categor\u00eda<\/a><\/span>\t\t\t\t\t\t\t\t\t\t\t\n\t\t\t\t\t\t\t<div class=\"post-header\">\n\t\t\t\t\t\t\t\t\t\n\t\t\t\t\t\t\t\t<h3 class=\"title\">\n\t\t\t\t\t\t\t\t\t \n\t\t\t\t\t\t\t\t\t\t<a href=\"http:\/\/www.braunybraun.com\/es\/7140-2\/\">\t\t\t\t\t\t\t\t\t\t\tPremios Popai Argentina.\t\t\t\t\t\t\t\t\t\t <\/a> \n\t\t\t\t\t\t\t\t\t\t\t\t\t\t\t\t\t<\/h3>\n\n\t\t\t\t\t\t\t\t \n\t\t\t\t\t\t\t\t\t<span class=\"meta-author\"><span>By<\/span> <a href=\"http:\/\/www.braunybraun.com\/es\/author\/lucascazza\/\" title=\"Entradas de Lucas Scazzariello\" rel=\"author\">Lucas Scazzariello<\/a><\/span> <span class=\"meta-category\">| <a href=\"http:\/\/www.braunybraun.com\/es\/category\/sin-categoria\/\">Sin categor\u00eda<\/a><\/span> \n\t\t\t\t\t\t\t\t\n\t\t\t\t\t\t\t\t\t\n\t\t\t\t\t\t\t\t\t\t\t\t\t\t\t<\/div><!--\/post-header-->\n\t\t\t\t\t\t\t\t\t\t\t\t\t\n\t\t\t\t\t\t<\/div><!--article-content-wrap-->\n\n\t\t\t\t\t\t\t\t\t\t\n\t\t\t\t   \n\t\t\t\t\t\t\t\t\t\t\n\t\t\t\t\t\t\t\t\t\t\t\n\t\t\t\t<\/div><!--\/content-inner-->\n\n\t\t\t\t\t\t\n\t\t<\/div><!--\/post-content-->\n\n\t<\/div><!--\/inner-wrap-->\n\t\t\n<\/article><!--\/article-->\n\t\t\t\t\t\t\t\n\t\t\t\t\n<article id=\"post-7136\" class=\"regular masonry-blog-item post-7136 post type-post status-publish format-image has-post-thumbnail category-sin-categoria post_format-post-format-image\">\n\n\t<div class=\"inner-wrap animated\">\n\n\t\t<div class=\"post-content\">\n\t\t\t\n\t\t\t\t\t\t\t\n\t\t\t\t\t\t\t\t\n\t\t\t\t\t\t\t\t\n\t\t\t\t\t\t\n\t\t\t\n\n\t\t\t\n\t\t\t\t<div class=\"content-inner\">\n\t\t\t\t\t\n\t\t\t\t\t<a href=\"http:\/\/www.braunybraun.com\/es\/7136-2\/\"><\/a><span class=\"post-featured-img\" style=\"background-image: url(http:\/\/www.braunybraun.com\/wp-content\/uploads\/2020\/03\/20191108_100518-800x800.jpg);\"><\/span>\t\t\t\t\t\n\t\t\t\t\t\t\t\t\t\t\t\n\t\t\t\t\t\t\n\t\t\t\t\t\t\t\n\t\t\t\t\t\t\n\t\t\t\t\t\t<div class=\"article-content-wrap\">\n\t\t\t\t\t\t\t\n\t\t\t\t\t\t\t<span class=\"meta-category\"><a class=\"sin-categoria\" href=\"http:\/\/www.braunybraun.com\/es\/category\/sin-categoria\/\">Sin categor\u00eda<\/a><\/span>\t\t\t\t\t\t\t\t\t\t\t\n\t\t\t\t\t\t\t<div class=\"post-header\">\n\t\t\t\t\t\t\t\t\t\n\t\t\t\t\t\t\t\t<h3 class=\"title\">\n\t\t\t\t\t\t\t\t\t \n\t\t\t\t\t\t\t\t\t\t<a href=\"http:\/\/www.braunybraun.com\/es\/7136-2\/\">\t\t\t\t\t\t\t\t\t\t\tPlotter de impresi\u00f3n\t\t\t\t\t\t\t\t\t\t <\/a> \n\t\t\t\t\t\t\t\t\t\t\t\t\t\t\t\t\t<\/h3>\n\n\t\t\t\t\t\t\t\t \n\t\t\t\t\t\t\t\t\t<span class=\"meta-author\"><span>By<\/span> <a href=\"http:\/\/www.braunybraun.com\/es\/author\/lucascazza\/\" title=\"Entradas de Lucas Scazzariello\" rel=\"author\">Lucas Scazzariello<\/a><\/span> <span class=\"meta-category\">| <a href=\"http:\/\/www.braunybraun.com\/es\/category\/sin-categoria\/\">Sin categor\u00eda<\/a><\/span> \n\t\t\t\t\t\t\t\t\n\t\t\t\t\t\t\t\t\t\n\t\t\t\t\t\t\t\t\t\t\t\t\t\t\t<\/div><!--\/post-header-->\n\t\t\t\t\t\t\t\t\t\t\t\t\t\n\t\t\t\t\t\t<\/div><!--article-content-wrap-->\n\n\t\t\t\t\t\t\t\t\t\t\n\t\t\t\t   \n\t\t\t\t\t\t\t\t\t\t\n\t\t\t\t\t\t\t\t\t\t\t\n\t\t\t\t<\/div><!--\/content-inner-->\n\n\t\t\t\t\t\t\n\t\t<\/div><!--\/post-content-->\n\n\t<\/div><!--\/inner-wrap-->\n\t\t\n<\/article><!--\/article-->\n\t\t\t\t\t\t\t\n\t\t\t\t\n<article id=\"post-7125\" class=\"regular masonry-blog-item post-7125 post type-post status-publish format-image has-post-thumbnail category-sin-categoria post_format-post-format-image\">\n\n\t<div class=\"inner-wrap animated\">\n\n\t\t<div class=\"post-content\">\n\t\t\t\n\t\t\t\t\t\t\t\n\t\t\t\t\t\t\t\t\n\t\t\t\t\t\t\t\t\n\t\t\t\t\t\t\n\t\t\t\n\n\t\t\t\n\t\t\t\t<div class=\"content-inner\">\n\t\t\t\t\t\n\t\t\t\t\t<a href=\"http:\/\/www.braunybraun.com\/es\/web-renovada\/\"><\/a><span class=\"post-featured-img\" style=\"background-image: url(http:\/\/www.braunybraun.com\/wp-content\/uploads\/2020\/01\/inicio-ult-800x800.jpg);\"><\/span>\t\t\t\t\t\n\t\t\t\t\t\t\t\t\t\t\t\n\t\t\t\t\t\t\n\t\t\t\t\t\t\t\n\t\t\t\t\t\t\n\t\t\t\t\t\t<div class=\"article-content-wrap\">\n\t\t\t\t\t\t\t\n\t\t\t\t\t\t\t<span class=\"meta-category\"><a class=\"sin-categoria\" href=\"http:\/\/www.braunybraun.com\/es\/category\/sin-categoria\/\">Sin categor\u00eda<\/a><\/span>\t\t\t\t\t\t\t\t\t\t\t\n\t\t\t\t\t\t\t<div class=\"post-header\">\n\t\t\t\t\t\t\t\t\t\n\t\t\t\t\t\t\t\t<h3 class=\"title\">\n\t\t\t\t\t\t\t\t\t \n\t\t\t\t\t\t\t\t\t\t<a href=\"http:\/\/www.braunybraun.com\/es\/web-renovada\/\">\t\t\t\t\t\t\t\t\t\t\tWeb Renovada\t\t\t\t\t\t\t\t\t\t <\/a> \n\t\t\t\t\t\t\t\t\t\t\t\t\t\t\t\t\t<\/h3>\n\n\t\t\t\t\t\t\t\t \n\t\t\t\t\t\t\t\t\t<span class=\"meta-author\"><span>By<\/span> <a href=\"http:\/\/www.braunybraun.com\/es\/author\/lucascazza\/\" title=\"Entradas de Lucas Scazzariello\" rel=\"author\">Lucas Scazzariello<\/a><\/span> <span class=\"meta-category\">| <a href=\"http:\/\/www.braunybraun.com\/es\/category\/sin-categoria\/\">Sin categor\u00eda<\/a><\/span> \n\t\t\t\t\t\t\t\t\n\t\t\t\t\t\t\t\t\t\n\t\t\t\t\t\t\t\t\t\t\t\t\t\t\t<\/div><!--\/post-header-->\n\t\t\t\t\t\t\t\t\t\t\t\t\t\n\t\t\t\t\t\t<\/div><!--article-content-wrap-->\n\n\t\t\t\t\t\t\t\t\t\t\n\t\t\t\t   \n\t\t\t\t\t\t\t\t\t\t\n\t\t\t\t\t\t\t\t\t\t\t\n\t\t\t\t<\/div><!--\/content-inner-->\n\n\t\t\t\t\t\t\n\t\t<\/div><!--\/post-content-->\n\n\t<\/div><!--\/inner-wrap-->\n\t\t\n<\/article><!--\/article-->\n\t\t\t\t\t\t\n\t\t\t<\/div><!--\/posts container-->\n\t\t\t\n\t\t\t\t\t\n  <\/div><!--\/post area-->\n  \n  \t\t\n\t\n\t<\/div>\n\t\n\t\n\t\t\t<\/div> \n\t\t<\/div>\n\t<\/div> \n<\/div><\/div>\n","protected":false},"excerpt":{"rendered":"Web Renovada Braun &amp; Braun comienza el 2020 renovado. Contamos con nuevas incorporaciones en el equipo, nuevas m\u00e1quinas ampliando nuestras fronteras y servicios, adem\u00e1s sumamos la renovaci\u00f3n de nuestra p\u00e1gina...","protected":false},"author":2,"featured_media":0,"parent":0,"menu_order":0,"comment_status":"closed","ping_status":"closed","template":"","meta":[],"_links":{"self":[{"href":"http:\/\/www.braunybraun.com\/es\/wp-json\/wp\/v2\/pages\/5670"}],"collection":[{"href":"http:\/\/www.braunybraun.com\/es\/wp-json\/wp\/v2\/pages"}],"about":[{"href":"http:\/\/www.braunybraun.com\/es\/wp-json\/wp\/v2\/types\/page"}],"author":[{"embeddable":true,"href":"http:\/\/www.braunybraun.com\/es\/wp-json\/wp\/v2\/users\/2"}],"replies":[{"embeddable":true,"href":"http:\/\/www.braunybraun.com\/es\/wp-json\/wp\/v2\/comments?post=5670"}],"version-history":[{"count":0,"href":"http:\/\/www.braunybraun.com\/es\/wp-json\/wp\/v2\/pages\/5670\/revisions"}],"wp:attachment":[{"href":"http:\/\/www.braunybraun.com\/es\/wp-json\/wp\/v2\/media?parent=5670"}],"curies":[{"name":"wp","href":"https:\/\/api.w.org\/{rel}","templated":true}]}}